{"id":3,"date":"2023-10-16T14:35:39","date_gmt":"2023-10-16T12:35:39","guid":{"rendered":"https:\/\/charliewinston.com\/?page_id=3"},"modified":"2023-10-17T16:52:33","modified_gmt":"2023-10-17T14:52:33","slug":"confidentialite-cookies","status":"publish","type":"page","link":"https:\/\/charliewinston.com\/en\/confidentialite-cookies\/","title":{"rendered":"Confidentialit\u00e9 &#038; Cookies"},"content":{"rendered":"<p><em>Derni\u00e8re mise \u00e0 jour : 17 octobre 2023<\/em><\/p>\n<p>&nbsp;<\/p>\n<p><strong>1 \u2013 Protection des donn\u00e9es \u00e0 caract\u00e8re personnel<\/strong><\/p>\n<p>Le site Charlie Winston exploit\u00e9 par T\u00f4t ou Tard, r\u00e9dacteur des pr\u00e9sentes, met en \u0153uvre des traitements de donn\u00e9es \u00e0 caract\u00e8re personnel.<\/p>\n<p>Sont expos\u00e9s ci-apr\u00e8s la mani\u00e8re dont ces donn\u00e9es sont collect\u00e9es et le d\u00e9tail de l\u2019utilisation qui en est faite. Les donn\u00e9es \u00e0 caract\u00e8re personnel qui sont collect\u00e9es varient en fonction de la fa\u00e7on dont les services sont utilis\u00e9s. Les donn\u00e9es \u00e0 caract\u00e8re personnel collect\u00e9es ou d\u00e9tenues sont directement communiqu\u00e9es par la personne elle-m\u00eame, naviguant sur le site interne, ou proviennent de tiers, ou sont collect\u00e9es \u00e0 partir de l\u2019activit\u00e9 sur le site internet et de l\u2019utilisation des services.<\/p>\n<p>&nbsp;<\/p>\n<p><strong>2 \u2013 Prospection commerciale et marketing<\/strong><\/p>\n<p>Sont collect\u00e9es et trait\u00e9es les informations suivantes : les coordonn\u00e9es, telles que nom, pr\u00e9nom, adresse du domicile, pays de r\u00e9sidence, num\u00e9ro de t\u00e9l\u00e9phone fixe et\/ou mobile, adresse \u00e9lectronique, r\u00e9f\u00e9rence de connexions aux r\u00e9seaux sociaux.<\/p>\n<p>L\u2019utilisation de ces informations constituant des donn\u00e9es \u00e0 caract\u00e8re personnel a pour finalit\u00e9 :<\/p>\n<p>D\u2019envoyer des communications au sujet des produits et services, \u00e0 des fins de prospection commerciale. Ces communications peuvent rev\u00eatir la forme d\u2019un courrier \u00e9lectronique ou postal, d\u2019un SMS, d\u2019un appel t\u00e9l\u00e9phonique ou d\u2019une publicit\u00e9 en ligne cibl\u00e9e. Ces donn\u00e9es sont conserv\u00e9es \u00e0 des fins de prospection pendant une dur\u00e9e maximale de trois (3) ans.<\/p>\n<p>Lorsque des donn\u00e9es ont \u00e9t\u00e9 collect\u00e9es \u00e0 l\u2019occasion de la fourniture d\u2019une prestation ou d\u2019un service ou de demandes de renseignements, des informations sur des prestations ou services semblables ou cibl\u00e9s en fonction des demandes pr\u00e9c\u00e9dentes peuvent \u00eatre envoy\u00e9es, sauf si la personne concern\u00e9e demande de cesser l\u2019envoi de ces communications commerciales ou choisi de ne pas recevoir celles-ci. Ces donn\u00e9es sont conserv\u00e9es \u00e0 des fins de prospection jusqu\u2019\u00e0 trois (3) ans apr\u00e8s la collecte des donn\u00e9es.<\/p>\n<p>Chaque fois qu\u2019une communication \u00e9lectronique \u00e0 des fins de prospection commerciale est adress\u00e9e, le destinataire a la possibilit\u00e9 de choisir de ne plus en recevoir \u00e0 l\u2019avenir gr\u00e2ce \u00e0 un lien de d\u00e9sinscription. En outre, il est possible, \u00e0 tout moment, d\u2019adresser un courrier \u00e9lectronique \u00e0 l\u2019adresse \u00e9lectronique suivante :&nbsp;contact@totoutard.com&nbsp;afin de demander de cesser l\u2019envoi de ces communications commerciales.<\/p>\n<p>L\u2019utilisation des donn\u00e9es et informations telle que d\u00e9crite ci-dessus est autoris\u00e9e par la r\u00e9glementation applicable \u00e0 la protection des donn\u00e9es personnelles. Dans la plupart des cas, ce traitement des donn\u00e9es \u00e0 caract\u00e8re personnel \u00e0 des fins de prospection commerciale est fond\u00e9 sur l\u2019int\u00e9r\u00eat l\u00e9gitime de T\u00f4t ou Tard.<br \/>Par ailleurs, lorsque la personne concern\u00e9e y a consenti directement aupr\u00e8s de partenaires de T\u00f4t ou Tard (tels que des compagnies d\u2019assurance, des sites de comparateurs, des plateformes de r\u00e9seaux sociaux, des agences marketing et plateformes d\u2019affiliation, des moteurs de recherche, des sites d\u2019annonces immobili\u00e8res en ligne, sans que cette liste ne soit exhaustive), T\u00f4t ou Tard peut recevoir ses donn\u00e9es personnelles. L\u2019utilisation de ces informations par T\u00f4t ou Tard est alors possible afin de promouvoir ses prestations et services dans les conditions d\u00e9crites ci-dessus.<\/p>\n<p>&nbsp;<\/p>\n<p><strong>3 \u2013 Questionnaire en ligne<\/strong><\/p>\n<p>Sont collect\u00e9es et trait\u00e9es les informations suivantes : adresse IP, code postal, num\u00e9ro de t\u00e9l\u00e9phone fixe et\/ou mobile, et le cas \u00e9ch\u00e9ant les \u00e9l\u00e9ments fournis dans le questionnaire en ligne. L\u2019utilisation de ces informations est faite uniquement afin d\u2019\u00e9tablir un contact avec la personne ayant rempli le questionnaire en ligne et lui proposez un \u00e9change ou un rendez-vous avec une personne habilit\u00e9e de T\u00f4t ou Tard pour \u00e9tablir un devis personnalis\u00e9 sans engagement et en assurer le suivi \u00e0 l\u2019issue de la prise de contact. Ce contact sera \u00e9tabli par t\u00e9l\u00e9phone et\/ou courrier \u00e9lectronique. Les donn\u00e9es collect\u00e9es \u00e0 l\u2019occasion de l\u2019envoi du questionnaire en ligne compl\u00e9t\u00e9, sont conserv\u00e9es pendant une dur\u00e9e maximale de trois (3) ans.<\/p>\n<p>L\u2019utilisation de ces informations telle que d\u00e9crite ci-dessus est autoris\u00e9e par la r\u00e9glementation applicable \u00e0 la protection des donn\u00e9es personnelles. Le traitement de ces donn\u00e9es \u00e0 caract\u00e8re personnel repose dans ce cas sur le consentement de la personne concern\u00e9e.<\/p>\n<p>&nbsp;<\/p>\n<p><strong>4 \u2013 A partir de l\u2019utilisation du site Internet<\/strong><\/p>\n<p>Le site Charlie Winston utilise la technologie des cookies pour am\u00e9liorer la navigation ainsi que l\u2019exp\u00e9rience des utilisateurs du site internet. Lors de la consultation de celui-ci, ces cookies peuvent \u00eatre enregistr\u00e9s sur les navigateurs du support utilis\u00e9, quel que soit le terminal (ordinateur, tablette, smartphone). Ils servent notamment lors de l\u2019identification pour des analyses de la fr\u00e9quentation et de l\u2019utilisation des \u00e9l\u00e9ments du site.<\/p>\n<p>A tout moment, les visiteurs du site internet peuvent d\u00e9cider d\u2019accepter ou de refuser l\u2019utilisation des cookies ainsi que modifier leurs pr\u00e9f\u00e9rences.<\/p>\n<p>Le cookie poss\u00e8de une dur\u00e9e de validit\u00e9 qui varie en fonction du type de cookie et permet la reconnaissance du visiteur lors d\u2019une prochaine utilisation du site internet. En tout \u00e9tat de cause, cette dur\u00e9e n\u2019exc\u00e8de pas treize (13) mois.<\/p>\n<p>Les visiteurs peuvent d\u00e9cider d\u2019accepter ou de refuser les cookies lors de leur navigation sur le site internet et \u00e0 cet effet, T\u00f4t ou Tard fait appara\u00eetre, sur son site, un bandeau d\u2019information pr\u00e9alable invitant le visiteur \u00e0 accepter les cookies. Tant que le visiteur n\u2019a pas donn\u00e9 son consentement au recueil des cookies, aucun cookie ne pourra \u00eatre d\u00e9pos\u00e9 sur son terminal, \u00e0 l\u2019exception des cookies exempt\u00e9s du recueil du consentement dans la mesure o\u00f9 ils sont strictement n\u00e9cessaires \u00e0 la fourniture d\u2019un service express\u00e9ment demand\u00e9 par l\u2019utilisateur.<\/p>\n<p>&nbsp;<\/p>\n<p><strong>5 \u2013 Dans le cadre des prestations et services fournis<\/strong><\/p>\n<p>Sont collect\u00e9es et trait\u00e9es les informations suivantes : nom, pr\u00e9nom, adresse, num\u00e9ro de t\u00e9l\u00e9phones fixe et\/ou mobile, adresse \u00e9lectronique.<\/p>\n<p>En outre&nbsp;:<\/p>\n<p>\u25aa&nbsp;pour l\u2019ex\u00e9cution de mesures pr\u00e9contractuelles ou du contrat avec T\u00f4t ou Tard, lorsqu\u2019il met en \u0153uvre un traitement ayant pour finalit\u00e9 :<\/p>\n<ul>\n<li>la prospection, la production, la gestion, le suivi des demandes et des dossiers de ses clients,<\/li>\n<li>la r\u00e9daction d\u2019actes pour le compte de ses clients&nbsp;;<\/li>\n<\/ul>\n<p>\u25aa&nbsp;ainsi que dans le cadre du respect d\u2019obligations l\u00e9gales et r\u00e9glementaires lorsqu\u2019il met en \u0153uvre un traitement ayant pour finalit\u00e9 :<\/p>\n<ul>\n<li>la pr\u00e9vention du blanchiment et du financement du terrorisme et la lutte contre la corruption,<\/li>\n<li>la facturation,<\/li>\n<li>la comptabilit\u00e9,<\/li>\n<\/ul>\n<p>sont collect\u00e9es et trait\u00e9es tous \u00e9l\u00e9ments n\u00e9cessaires \u00e0 ces finalit\u00e9s.<\/p>\n<p>Ces informations sont utilis\u00e9es pour honorer les finalit\u00e9s li\u00e9es aux prestations et services sollicit\u00e9s.<\/p>\n<p>Ces traitements sont autoris\u00e9s par la r\u00e9glementation applicable \u00e0 la protection des donn\u00e9es personnelles, et dans tous les cas reposent sur le fondement juridique du contrat liant les personnes concern\u00e9es et T\u00f4t ou Tard ou celui de l\u2019int\u00e9r\u00eat l\u00e9gitime. Sauf disposition contraire, les informations vis\u00e9es ci-dessus sont n\u00e9cessaires afin de remplir nos obligations contractuelles.<\/p>\n<p>&nbsp;<\/p>\n<p><strong>6 \u2013 Conservation des informations<\/strong><\/p>\n<p>Les donn\u00e9es \u00e0 caract\u00e8re personnel sont conserv\u00e9es pour les utiliser aux fins \u00e9num\u00e9r\u00e9es dans la pr\u00e9sente politique.<\/p>\n<p>Sauf indication contraire dans les paragraphes pr\u00e9c\u00e9dents, les donn\u00e9es sont conserv\u00e9es aussi longtemps que la personne concern\u00e9e entretiendra une relation contractuelle avec T\u00f4t ou Tard.<\/p>\n<p>En cas de rupture du contrat liant la personne concern\u00e9e \u00e0 T\u00f4t ou Tard, comme au terme du service ou de la prestation sollicit\u00e9s, et s\u2019il n\u2019y a pas d\u2019autre raison de poursuivre le traitement, les informations seront conserv\u00e9es pendant les p\u00e9riodes n\u00e9cessaires pour se conformer \u00e0 la r\u00e9glementation et aux r\u00e8gles de prescription en vigueur notamment contractuelles, comptables et fiscales ou, le cas \u00e9ch\u00e9ant, en vue de traiter toute r\u00e9clamation ou demande aff\u00e9rente aux prestations ou services fournis.<\/p>\n<p>Les donn\u00e9es \u00e0 caract\u00e8re personnel des clients sont conserv\u00e9es pendant la dur\u00e9e des relations contractuelles augment\u00e9e de trois (3) ans \u00e0 des fins d\u2019animation et prospection, sans pr\u00e9judice des obligations de conservation ou des d\u00e9lais de prescription. En mati\u00e8re de pr\u00e9vention du blanchiment et du financement du terrorisme, les donn\u00e9es sont conserv\u00e9es cinq (5) ans apr\u00e8s la fin des relations avec T\u00f4t ou Tard.<\/p>\n<p>&nbsp;<\/p>\n<p><strong>7 \u2013 Droits li\u00e9s aux donn\u00e9es personnelles<\/strong><\/p>\n<p>Il s\u2019agit du&nbsp;:<\/p>\n<ul>\n<li>droit d\u2019acc\u00e9der \u00e0 ses donn\u00e9es \u00e0 caract\u00e8re personnel,<\/li>\n<li>droit de corriger toute erreur figurant dans les fichiers,<\/li>\n<li>droit de faire effacer ses donn\u00e9es \u00e0 caract\u00e8re personnel, de limiter leur traitement ou de s\u2019y opposer.<\/li>\n<li>droit de retirer son consentement,<\/li>\n<li>droit de s\u2019opposer \u00e0 la r\u00e9ception de documents de prospection commerciale \u00e0 l\u2019avenir,<\/li>\n<li>dans certaines circonstances, le droit de veiller \u00e0 ce que ces informations soient transf\u00e9r\u00e9es \u00e0 la personne concern\u00e9e ou soient transf\u00e9r\u00e9es \u00e0 un tiers.<\/li>\n<li>droit de d\u00e9finir des directives g\u00e9n\u00e9rales et particuli\u00e8res d\u00e9finissant la mani\u00e8re dont les personnes concern\u00e9es entendent que soient exerc\u00e9s, apr\u00e8s leur d\u00e9c\u00e8s, les droits mentionn\u00e9s ci-dessus par courrier \u00e9lectronique \u00e0 l\u2019adresse suivante : contact@totoutard.com.<\/li>\n<\/ul>\n<p>Toute personne dispose d\u2019une facult\u00e9 de d\u00e9poser une r\u00e9clamation aupr\u00e8s de la CNIL&nbsp;<a href=\"https:\/\/www.cnil.fr\/\">https:\/\/www.cnil.fr\/<\/a>&nbsp;\u2013 3 Place de Fontenoy \u2013 TSA 80715 \u2013 75334 Paris cedex 07.<\/p>\n<p>&nbsp;<\/p>\n<p><strong>8 \u2013 Contact et r\u00e9clamations<\/strong><\/p>\n<p>Toutes les questions soulev\u00e9es dans la pr\u00e9sente politique, les demandes d\u2019exercice des droits de la personne concern\u00e9e, sont g\u00e9r\u00e9es par le D\u00e9l\u00e9gu\u00e9 \u00e0 la Protection des Donn\u00e9es qui peut \u00eatre contact\u00e9 de la fa\u00e7on suivante : contact@totoutard.com.<\/p>\n<p>Toute demande d\u2019exercice des droits d\u2019acc\u00e8s, de rectification, de suppression ou de limitation du traitement, doit \u00eatre accompagn\u00e9e de la copie d\u2019une pi\u00e8ce d\u2019identit\u00e9 du demandeur.<\/p>\n<p>&nbsp;<\/p>\n<p><strong>9 \u2013 Statut de la pr\u00e9sente politique de confidentialit\u00e9<\/strong><\/p>\n<p><em>La pr\u00e9sente politique de confidentialit\u00e9 a \u00e9t\u00e9 mise \u00e0 jour en date du 21 septembre 2022.<\/em><\/p>\n<p>Nous nous r\u00e9servons le droit de la modifier \u00e0 tout moment afin de fournir une information \u00e0 jour sur la fa\u00e7on dont nous collectons et traitons les donn\u00e9es personnelles.<\/p>\n","protected":false},"excerpt":{"rendered":"<p>Derni\u00e8re mise \u00e0 jour : 17 octobre 2023 &nbsp; 1 \u2013 Protection des donn\u00e9es \u00e0 caract\u00e8re personnel Le site Charlie Winston exploit\u00e9 par T\u00f4t ou Tard, r\u00e9dacteur des pr\u00e9sentes, met en \u0153uvre des traitements de donn\u00e9es \u00e0 caract\u00e8re personnel. Sont expos\u00e9s ci-apr\u00e8s la mani\u00e8re dont ces donn\u00e9es sont collect\u00e9es et le d\u00e9tail de l\u2019utilisation qui [&hellip;]<\/p>\n","protected":false},"author":1,"featured_media":0,"parent":0,"menu_order":0,"comment_status":"closed","ping_status":"open","template":"page-legal.php","meta":{"_acf_changed":false,"footnotes":""},"class_list":["post-3","page","type-page","status-publish","hentry"],"acf":[],"_links":{"self":[{"href":"https:\/\/charliewinston.com\/en\/wp-json\/wp\/v2\/pages\/3","targetHints":{"allow":["GET"]}}],"collection":[{"href":"https:\/\/charliewinston.com\/en\/wp-json\/wp\/v2\/pages"}],"about":[{"href":"https:\/\/charliewinston.com\/en\/wp-json\/wp\/v2\/types\/page"}],"author":[{"embeddable":true,"href":"https:\/\/charliewinston.com\/en\/wp-json\/wp\/v2\/users\/1"}],"replies":[{"embeddable":true,"href":"https:\/\/charliewinston.com\/en\/wp-json\/wp\/v2\/comments?post=3"}],"version-history":[{"count":1,"href":"https:\/\/charliewinston.com\/en\/wp-json\/wp\/v2\/pages\/3\/revisions"}],"predecessor-version":[{"id":136,"href":"https:\/\/charliewinston.com\/en\/wp-json\/wp\/v2\/pages\/3\/revisions\/136"}],"wp:attachment":[{"href":"https:\/\/charliewinston.com\/en\/wp-json\/wp\/v2\/media?parent=3"}],"curies":[{"name":"wp","href":"https:\/\/api.w.org\/{rel}","templated":true}]}}